{"id":29583,"date":"2023-02-02T10:35:57","date_gmt":"2023-02-02T10:35:57","guid":{"rendered":"https:\/\/pgmbmv2stg.wpengine.com\/declaracao-de-acessibilidade\/"},"modified":"2023-04-13T10:32:41","modified_gmt":"2023-04-13T10:32:41","slug":"declaracao-de-acessibilidade","status":"publish","type":"page","link":"https:\/\/wdev.pogustgoodhead.com\/pt-br\/declaracao-de-acessibilidade\/","title":{"rendered":"Declara\u00e7\u00e3o de Acessibilidade"},"content":{"rendered":"\t\t<div data-elementor-type=\"wp-page\" data-elementor-id=\"29583\" class=\"elementor elementor-29583 elementor-28413\">\n\t\t\t\t\t\t\t\t\t<section class=\"elementor-section elementor-top-section elementor-element elementor-element-489981d3 elementor-section-height-min-height elementor-section-boxed elementor-section-height-default elementor-section-items-middle\" data-id=\"489981d3\" data-element_type=\"section\" data-settings=\"{&quot;background_background&quot;:&quot;gradient&quot;}\">\n\t\t\t\t\t\t<div class=\"elementor-container elementor-column-gap-default\">\n\t\t\t\t\t<div class=\"elementor-column elementor-col-50 elementor-top-column elementor-element elementor-element-7e2a0544\" data-id=\"7e2a0544\" data-element_type=\"column\" data-settings=\"{&quot;background_background&quot;:&quot;classic&quot;}\">\n\t\t\t<div class=\"elementor-widget-wrap elementor-element-populated\">\n\t\t\t\t\t\t\t\t<div class=\"elementor-element elementor-element-21f5ebe elementor-widget elementor-widget-heading\" data-id=\"21f5ebe\" data-element_type=\"widget\" data-widget_type=\"heading.default\">\n\t\t\t\t<div class=\"elementor-widget-container\">\n\t\t\t<style>\/*! elementor - v3.12.1 - 02-04-2023 *\/\n.elementor-heading-title{padding:0;margin:0;line-height:1}.elementor-widget-heading .elementor-heading-title[class*=elementor-size-]>a{color:inherit;font-size:inherit;line-height:inherit}.elementor-widget-heading .elementor-heading-title.elementor-size-small{font-size:15px}.elementor-widget-heading .elementor-heading-title.elementor-size-medium{font-size:19px}.elementor-widget-heading .elementor-heading-title.elementor-size-large{font-size:29px}.elementor-widget-heading .elementor-heading-title.elementor-size-xl{font-size:39px}.elementor-widget-heading .elementor-heading-title.elementor-size-xxl{font-size:59px}<\/style><h2 class=\"elementor-heading-title elementor-size-default\">Declara\u00e7\u00e3o de Acessibilidade<\/h2>\t\t<\/div>\n\t\t\t\t<\/div>\n\t\t\t\t<div class=\"elementor-element elementor-element-5619c4a7 elementor-widget elementor-widget-text-editor\" data-id=\"5619c4a7\" data-element_type=\"widget\" data-widget_type=\"text-editor.default\">\n\t\t\t\t<div class=\"elementor-widget-container\">\n\t\t\t<style>\/*! elementor - v3.12.1 - 02-04-2023 *\/\n.elementor-widget-text-editor.elementor-drop-cap-view-stacked .elementor-drop-cap{background-color:#69727d;color:#fff}.elementor-widget-text-editor.elementor-drop-cap-view-framed .elementor-drop-cap{color:#69727d;border:3px solid;background-color:transparent}.elementor-widget-text-editor:not(.elementor-drop-cap-view-default) .elementor-drop-cap{margin-top:8px}.elementor-widget-text-editor:not(.elementor-drop-cap-view-default) .elementor-drop-cap-letter{width:1em;height:1em}.elementor-widget-text-editor .elementor-drop-cap{float:left;text-align:center;line-height:1;font-size:50px}.elementor-widget-text-editor .elementor-drop-cap-letter{display:inline-block}<\/style>\t\t\t\t<p>Pogust Goodhead fornece um servi\u00e7o respeitoso, inclusivo e acess\u00edvel.<\/p>\n\t\t\t\t\t\t<\/div>\n\t\t\t\t<\/div>\n\t\t\t\t\t<\/div>\n\t\t<\/div>\n\t\t\t\t<div class=\"elementor-column elementor-col-50 elementor-top-column elementor-element elementor-element-3ed98f32\" data-id=\"3ed98f32\" data-element_type=\"column\">\n\t\t\t<div class=\"elementor-widget-wrap elementor-element-populated\">\n\t\t\t\t\t\t\t\t<div class=\"elementor-element elementor-element-4a45541f elementor-widget__width-inherit elementor-widget elementor-widget-premium-img-layers-addon\" data-id=\"4a45541f\" data-element_type=\"widget\" data-widget_type=\"premium-img-layers-addon.default\">\n\t\t\t\t<div class=\"elementor-widget-container\">\n\t\t\t\r\n\t<div class=\"premium-img-layers-wrapper\" data-devices=\"[&quot;desktop&quot;,&quot;tablet&quot;,&quot;mobile&quot;]\">\r\n\t\t<ul class=\"premium-img-layers-list-wrapper\">\r\n\t\t\t\r\n\t\t\t\t<li class=\"premium-img-layers-list-item  elementor-repeater-item-9e06065 premium-img-layer-\" data-layer-animation=\" \" data-layer-hide=\"&quot;&quot;\">\r\n\t\t\t\t\t<img decoding=\"async\" width=\"1000\" height=\"1000\" src=\"https:\/\/wdev.pogustgoodhead.com\/wp-content\/uploads\/2023\/03\/trainee-solicitors.png\" class=\"attachment-full size-full premium-img-layers-image\" alt=\"\" srcset=\"https:\/\/wdev.pogustgoodhead.com\/wp-content\/uploads\/2023\/03\/trainee-solicitors.png 1000w, https:\/\/wdev.pogustgoodhead.com\/wp-content\/uploads\/2023\/03\/trainee-solicitors-300x300.png 300w, https:\/\/wdev.pogustgoodhead.com\/wp-content\/uploads\/2023\/03\/trainee-solicitors-150x150.png 150w, https:\/\/wdev.pogustgoodhead.com\/wp-content\/uploads\/2023\/03\/trainee-solicitors-768x768.png 768w\" sizes=\"(max-width: 1000px) 100vw, 1000px\" \/>\r\n\t\t\t\t\t\t\r\n\t\t\t\t\t\r\n\t\t\t\t<\/li>\r\n\t\t\t\r\n\t\t\t\t<li class=\"premium-img-layers-list-item  elementor-repeater-item-fc92a3c premium-img-layer-\" data-layer-animation=\" \" data-layer-hide=\"&quot;&quot;\">\r\n\t\t\t\t\t<img decoding=\"async\" width=\"300\" height=\"300\" src=\"https:\/\/wdev.pogustgoodhead.com\/wp-content\/uploads\/2023\/02\/diamonds6-300x300.png\" class=\"attachment-medium size-medium premium-img-layers-image\" alt=\"\" srcset=\"https:\/\/wdev.pogustgoodhead.com\/wp-content\/uploads\/2023\/02\/diamonds6-300x300.png 300w, https:\/\/wdev.pogustgoodhead.com\/wp-content\/uploads\/2023\/02\/diamonds6-150x150.png 150w, https:\/\/wdev.pogustgoodhead.com\/wp-content\/uploads\/2023\/02\/diamonds6.png 445w\" sizes=\"(max-width: 300px) 100vw, 300px\" \/>\r\n\t\t\t\t\t\t\r\n\t\t\t\t\t\r\n\t\t\t\t<\/li>\r\n\t\t\t\r\n\t\t\t\t<li class=\"premium-img-layers-list-item  elementor-repeater-item-2c6b1d0 premium-img-layer-\" data-layer-animation=\" \" data-layer-hide=\"&quot;&quot;\">\r\n\t\t\t\t\t<img decoding=\"async\" width=\"403\" height=\"22\" src=\"https:\/\/wdev.pogustgoodhead.com\/wp-content\/uploads\/2023\/01\/hline.png\" class=\"attachment-full size-full premium-img-layers-image\" alt=\"\" srcset=\"https:\/\/wdev.pogustgoodhead.com\/wp-content\/uploads\/2023\/01\/hline.png 403w, https:\/\/wdev.pogustgoodhead.com\/wp-content\/uploads\/2023\/01\/hline-300x16.png 300w\" sizes=\"(max-width: 403px) 100vw, 403px\" \/>\r\n\t\t\t\t\t\t\r\n\t\t\t\t\t\r\n\t\t\t\t<\/li>\r\n\t\t\t\r\n\t\t\t\t<li class=\"premium-img-layers-list-item  elementor-repeater-item-7be66e0 premium-img-layer-\" data-layer-animation=\" \" data-layer-hide=\"&quot;&quot;\">\r\n\t\t\t\t\t<img decoding=\"async\" width=\"20\" height=\"350\" src=\"https:\/\/wdev.pogustgoodhead.com\/wp-content\/uploads\/2023\/01\/vline.png\" class=\"attachment-full size-full premium-img-layers-image\" alt=\"\" \/>\r\n\t\t\t\t\t\t\r\n\t\t\t\t\t\r\n\t\t\t\t<\/li>\r\n\t\t\t\t\t<\/ul>\r\n\t<\/div>\r\n\r\n\t\t\t\t<\/div>\n\t\t\t\t<\/div>\n\t\t\t\t<div class=\"elementor-element elementor-element-2bcfd7b0 elementor-widget-mobile__width-auto elementor-widget elementor-widget-image\" data-id=\"2bcfd7b0\" data-element_type=\"widget\" data-widget_type=\"image.default\">\n\t\t\t\t<div class=\"elementor-widget-container\">\n\t\t\t<style>\/*! elementor - v3.12.1 - 02-04-2023 *\/\n.elementor-widget-image{text-align:center}.elementor-widget-image a{display:inline-block}.elementor-widget-image a img[src$=\".svg\"]{width:48px}.elementor-widget-image img{vertical-align:middle;display:inline-block}<\/style>\t\t\t\t\t\t\t\t\t\t\t\t<img decoding=\"async\" width=\"449\" height=\"377\" src=\"https:\/\/wdev.pogustgoodhead.com\/wp-content\/uploads\/2023\/02\/spacer.gif\" class=\"attachment-large size-large wp-image-28501\" alt=\"\" \/>\t\t\t\t\t\t\t\t\t\t\t\t\t\t\t<\/div>\n\t\t\t\t<\/div>\n\t\t\t\t\t<\/div>\n\t\t<\/div>\n\t\t\t\t\t\t\t<\/div>\n\t\t<\/section>\n\t\t\t\t<section class=\"elementor-section elementor-top-section elementor-element elementor-element-2c44a8b3 elementor-section-boxed elementor-section-height-default elementor-section-height-default\" data-id=\"2c44a8b3\" data-element_type=\"section\">\n\t\t\t\t\t\t<div class=\"elementor-container elementor-column-gap-default\">\n\t\t\t\t\t<div class=\"elementor-column elementor-col-100 elementor-top-column elementor-element elementor-element-43f739c6\" data-id=\"43f739c6\" data-element_type=\"column\">\n\t\t\t<div class=\"elementor-widget-wrap elementor-element-populated\">\n\t\t\t\t\t\t\t\t<div class=\"elementor-element elementor-element-46bc651d elementor-widget elementor-widget-text-editor\" data-id=\"46bc651d\" data-element_type=\"widget\" data-widget_type=\"text-editor.default\">\n\t\t\t\t<div class=\"elementor-widget-container\">\n\t\t\t\t\t\t\t<p><strong>Medidas de apoio \u00e0 acessibilidade<\/strong><\/p>\n<p>Pogust Goodhead toma as seguintes medidas para assegurar a acessibilidade do nosso s\u00edtio web:<\/p>\n<ul>\n<li>Incluir a acessibilidade como parte da nossa declara\u00e7\u00e3o de miss\u00e3o<\/li>\n<li>Integrar a acessibilidade nas nossas pr\u00e1ticas<\/li>\n<li>Nomear uma equipa de acessibilidade<\/li>\n<li>Fornecer forma\u00e7\u00e3o cont\u00ednua sobre acessibilidade para todos os membros do pessoal<\/li>\n<li>Incluir pessoas com defici\u00eancias na nossa investiga\u00e7\u00e3o e desenhos<\/li>\n<\/ul>\n<p><strong><br \/><\/strong><\/p>\n<p><strong>Conformidades Estado<\/strong><\/p>\n<p>Como estabelecido pelas Directrizes de Acessibilidade de Conte\u00fado da Web, somos obrigados a melhorar a acessibilidade para todos os clientes que t\u00eam requisitos espec\u00edficos &#8211; tem tr\u00eas n\u00edveis de conformidade que v\u00e3o desde o n\u00edvel A-AAA. Actualmente, Pogust Goodhead est\u00e1 parcialmente em conformidade com o WCAD 2.1 n\u00edvel AA. Parcialmente conformes significa que existem algumas partes do nosso conte\u00fado web que n\u00e3o est\u00e3o em total conformidade com a norma de acessibilidade, mas estamos a trabalhar arduamente nos bastidores para estarmos iminentemente em total conformidade.<\/p>\n<p><strong>Feedback<\/strong><\/p>\n<p>Na Pogust Goodhead, agradecemos o feedback sobre a acessibilidade do nosso s\u00edtio web. Por favor informe-nos se encontrar barreiras de acessibilidade, contactando-nos.<\/p>\n<p>Email: <a href=\"mailto:accessibility@pogustgoodhead.com\"><strong>accessibility@pogustgoodhead.com<\/strong><\/a><\/p>\n<p>Endere\u00e7o postal:<br \/><strong>70 Mark Lane<\/strong><br \/><strong>Londres<\/strong><br \/><strong>EC3R 7NQ<\/strong>&nbsp;<\/p>\n<\/p>\n<p><strong><br \/><\/strong><\/p>\n<p><strong>Compatibilidade com navegadores e tecnologia de assist\u00eancia<\/strong><\/p>\n<p>Actualmente, o Pogust Goodhead n\u00e3o \u00e9 compat\u00edvel com nenhuma tecnologia de assist\u00eancia.<\/p>\n<p>Contudo, o website Pogust Goodhead \u00e9 compat\u00edvel com navegadores de secret\u00e1ria instalados no Windows Vista ou OS X 10.6 ou posterior, incluindo:<\/p>\n<ul>\n<li>Internet Explorer 7<\/li>\n<li>Firefox 2<\/li>\n<li>\u00d3pera 8 (com TLS 1.1 activado)<\/li>\n<li>Google Chrome v5.0.342.0<\/li>\n<li>Safari 2.1<\/li>\n<\/ul>\n<p>Navegadores m\u00f3veis:<\/p>\n<ul>\n<li>Safari m\u00f3vel para iOS 4.0<\/li>\n<li>Android 3.0 (Honeycomb) e posteriores<\/li>\n<li>Windows Phone 7<\/li>\n<\/ul>\n<p>Fornecer compatibilidade adicional com navegadores\/sistemas operacionais mais antigos, tais como Windows XP e Android 3.0 e anteriores.<\/p>\n<p>Pogust Goodhead n\u00e3o \u00e9 compat\u00edvel com quaisquer vers\u00f5es n\u00e3o listadas acima.<\/p>\n<p>Especifica\u00e7\u00f5es t\u00e9cnicas:<\/p>\n<p>Pogust Goodhead conta com estas tecnologias para trabalhar:<\/p>\n<ul>\n<li>TLS v1.3 (\u00faltima vers\u00e3o aceite)<\/li>\n<li>WordPress<\/li>\n<li>HTML<\/li>\n<li>CSS<\/li>\n<li>JavaScript<\/li>\n<li>PHP<\/li>\n<li>JQuery<\/li>\n<li>Google Analytics<\/li>\n<li>Pixel do Facebook<\/li>\n<li>Gestor de etiquetas Google<\/li>\n<\/ul>\n<p><strong>&nbsp;<\/strong><\/p>\n<p><strong>Limita\u00e7\u00f5es e alternativas<\/strong><\/p>\n<p>Apesar dos nossos melhores esfor\u00e7os, existem algumas limita\u00e7\u00f5es que descobrimos, e enumer\u00e1mos potenciais solu\u00e7\u00f5es. (Estes s\u00e3o alguns exemplos de limita\u00e7\u00f5es e as suas respostas)<\/p>\n<p>&#8211; Coment\u00e1rios dos utilizadores: as imagens carregadas podem n\u00e3o ter alternativas de texto porque n\u00e3o podemos garantir a qualidade das contribui\u00e7\u00f5es. Monitorizamos os coment\u00e1rios dos utilizadores e tipicamente os problemas de repara\u00e7\u00e3o no prazo de 10 dias \u00fateis. Por favor, use o bot\u00e3o &#8216;report issue&#8217; se se deparar com um problema.<\/p>\n<p>&#8211; Documentos arquivados: podem n\u00e3o funcionar com as tecnologias de assist\u00eancia actuais, porque utilizam tecnologias desactualizadas que n\u00e3o suportam a acessibilidade. Convertemos documentos para novos formatos mediante pedido no prazo de 3 dias \u00fateis. Por favor contactar&nbsp;&nbsp; para apoio.<\/p>\n<p>O nosso objectivo \u00e9 responder ao seu feedback no prazo de 5 dias \u00fateis.<\/p>\n<p><strong>&nbsp;<\/strong><\/p>\n<p><strong>Aprova\u00e7\u00e3o formal desta declara\u00e7\u00e3o de acessibilidade<\/strong><\/p>\n<p>Esta Declara\u00e7\u00e3o de Acessibilidade \u00e9 aprovada por:<\/p>\n<ul>\n<li>Pogust Goodhead&#8217;s CTO | CMO<\/li>\n<li>A nossa equipa de Marketing e Comunica\u00e7\u00e3o<\/li>\n<\/ul>\n<p><strong>&nbsp;<\/strong><\/p>\n<p><strong>Reclama\u00e7\u00f5es formais<\/strong><\/p>\n<p>Caso esteja insatisfeito com algum dos nossos servi\u00e7os ou com qualquer feedback por n\u00f3s fornecido, tem o direito de apresentar formalmente uma queixa. A pol\u00edtica de reclama\u00e7\u00f5es de Pogust Goodhead pode ser encontrada&nbsp;<a href=\"https:\/\/pogustgoodhead.com\/complaints-handling-policy\/\">aqui.<\/a>`<\/p><\/p>\n\t\t\t\t\t\t<\/div>\n\t\t\t\t<\/div>\n\t\t\t\t\t<\/div>\n\t\t<\/div>\n\t\t\t\t\t\t\t<\/div>\n\t\t<\/section>\n\t\t\t\t\t\t\t<\/div>\n\t\t","protected":false},"excerpt":{"rendered":"<p>Declara\u00e7\u00e3o de Acessibilidade Pogust Goodhead fornece um servi\u00e7o respeitoso, inclusivo e acess\u00edvel. Medidas de apoio \u00e0 acessibilidade Pogust Goodhead toma as seguintes medidas para assegurar a acessibilidade do nosso s\u00edtio web: Incluir a acessibilidade como parte da nossa declara\u00e7\u00e3o de miss\u00e3o Integrar a acessibilidade nas nossas pr\u00e1ticas Nomear uma equipa de acessibilidade Fornecer forma\u00e7\u00e3o cont\u00ednua [&hellip;]<\/p>\n","protected":false},"author":6,"featured_media":30214,"parent":0,"menu_order":65,"comment_status":"closed","ping_status":"closed","template":"","meta":{"footnotes":"","_expiration-date-status":"","_expiration-date":0,"_expiration-date-type":"","_expiration-date-categories":[],"_expiration-date-options":[]},"page_categories":[],"class_list":["post-29583","page","type-page","status-publish","has-post-thumbnail","hentry"],"acf":[],"yoast_head":"<!-- This site is optimized with the Yoast SEO Premium plugin v20.4 (Yoast SEO v20.4) - https:\/\/yoast.com\/wordpress\/plugins\/seo\/ -->\n<title>Declara\u00e7\u00e3o de Acessibilidade - POGUST GOODHEAD<\/title>\n<meta name=\"robots\" content=\"noindex, follow, max-snippet:-1, max-image-preview:large, max-video-preview:-1\" \/>\n<meta property=\"og:locale\" content=\"pt_BR\" \/>\n<meta property=\"og:type\" content=\"article\" \/>\n<meta property=\"og:title\" content=\"Declara\u00e7\u00e3o de Acessibilidade\" \/>\n<meta property=\"og:description\" content=\"Declara\u00e7\u00e3o de Acessibilidade Pogust Goodhead fornece um servi\u00e7o respeitoso, inclusivo e acess\u00edvel. Medidas de apoio \u00e0 acessibilidade Pogust Goodhead toma as seguintes medidas para assegurar a acessibilidade do nosso s\u00edtio web: Incluir a acessibilidade como parte da nossa declara\u00e7\u00e3o de miss\u00e3o Integrar a acessibilidade nas nossas pr\u00e1ticas Nomear uma equipa de acessibilidade Fornecer forma\u00e7\u00e3o cont\u00ednua [&hellip;]\" \/>\n<meta property=\"og:url\" content=\"https:\/\/wdev.pogustgoodhead.com\/pt-br\/declaracao-de-acessibilidade\/\" \/>\n<meta property=\"og:site_name\" content=\"POGUST GOODHEAD\" \/>\n<meta property=\"article:modified_time\" content=\"2023-04-13T10:32:41+00:00\" \/>\n<meta property=\"og:image\" content=\"https:\/\/wdev.pogustgoodhead.com\/wp-content\/uploads\/2023\/03\/accessibility.png\" \/>\n\t<meta property=\"og:image:width\" content=\"739\" \/>\n\t<meta property=\"og:image:height\" content=\"625\" \/>\n\t<meta property=\"og:image:type\" content=\"image\/png\" \/>\n<meta name=\"twitter:card\" content=\"summary_large_image\" \/>\n<meta name=\"twitter:label1\" content=\"Est. tempo de leitura\" \/>\n\t<meta name=\"twitter:data1\" content=\"3 minutos\" \/>\n<script type=\"application\/ld+json\" class=\"yoast-schema-graph\">{\"@context\":\"https:\/\/schema.org\",\"@graph\":[{\"@type\":\"WebPage\",\"@id\":\"https:\/\/wdev.pogustgoodhead.com\/pt-br\/declaracao-de-acessibilidade\/\",\"url\":\"https:\/\/wdev.pogustgoodhead.com\/pt-br\/declaracao-de-acessibilidade\/\",\"name\":\"Declara\u00e7\u00e3o de Acessibilidade - POGUST GOODHEAD\",\"isPartOf\":{\"@id\":\"https:\/\/wdev.pogustgoodhead.com\/pt-br\/#website\"},\"datePublished\":\"2023-02-02T10:35:57+00:00\",\"dateModified\":\"2023-04-13T10:32:41+00:00\",\"breadcrumb\":{\"@id\":\"https:\/\/wdev.pogustgoodhead.com\/pt-br\/declaracao-de-acessibilidade\/#breadcrumb\"},\"inLanguage\":\"pt-BR\",\"potentialAction\":[{\"@type\":\"ReadAction\",\"target\":[\"https:\/\/wdev.pogustgoodhead.com\/pt-br\/declaracao-de-acessibilidade\/\"]}]},{\"@type\":\"BreadcrumbList\",\"@id\":\"https:\/\/wdev.pogustgoodhead.com\/pt-br\/declaracao-de-acessibilidade\/#breadcrumb\",\"itemListElement\":[{\"@type\":\"ListItem\",\"position\":1,\"name\":\"Home\",\"item\":\"https:\/\/wdev.pogustgoodhead.com\/pt-br\/\"},{\"@type\":\"ListItem\",\"position\":2,\"name\":\"Declara\u00e7\u00e3o de Acessibilidade\"}]},{\"@type\":\"WebSite\",\"@id\":\"https:\/\/wdev.pogustgoodhead.com\/pt-br\/#website\",\"url\":\"https:\/\/wdev.pogustgoodhead.com\/pt-br\/\",\"name\":\"POGUST GOODHEAD\",\"description\":\"Making History, Together\",\"publisher\":{\"@id\":\"https:\/\/wdev.pogustgoodhead.com\/pt-br\/#organization\"},\"potentialAction\":[{\"@type\":\"SearchAction\",\"target\":{\"@type\":\"EntryPoint\",\"urlTemplate\":\"https:\/\/wdev.pogustgoodhead.com\/pt-br\/?s={search_term_string}\"},\"query-input\":\"required name=search_term_string\"}],\"inLanguage\":\"pt-BR\"},{\"@type\":\"Organization\",\"@id\":\"https:\/\/wdev.pogustgoodhead.com\/pt-br\/#organization\",\"name\":\"POGUST GOODHEAD\",\"url\":\"https:\/\/wdev.pogustgoodhead.com\/pt-br\/\",\"logo\":{\"@type\":\"ImageObject\",\"inLanguage\":\"pt-BR\",\"@id\":\"https:\/\/wdev.pogustgoodhead.com\/pt-br\/#\/schema\/logo\/image\/\",\"url\":\"https:\/\/wdev.pogustgoodhead.com\/wp-content\/uploads\/2023\/01\/cropped-pogustgoodheadlogobw.png\",\"contentUrl\":\"https:\/\/wdev.pogustgoodhead.com\/wp-content\/uploads\/2023\/01\/cropped-pogustgoodheadlogobw.png\",\"width\":326,\"height\":150,\"caption\":\"POGUST GOODHEAD\"},\"image\":{\"@id\":\"https:\/\/wdev.pogustgoodhead.com\/pt-br\/#\/schema\/logo\/image\/\"}}]}<\/script>\n<!-- \/ Yoast SEO Premium plugin. -->","yoast_head_json":{"title":"Declara\u00e7\u00e3o de Acessibilidade - POGUST GOODHEAD","robots":{"index":"noindex","follow":"follow","max-snippet":"max-snippet:-1","max-image-preview":"max-image-preview:large","max-video-preview":"max-video-preview:-1"},"og_locale":"pt_BR","og_type":"article","og_title":"Declara\u00e7\u00e3o de Acessibilidade","og_description":"Declara\u00e7\u00e3o de Acessibilidade Pogust Goodhead fornece um servi\u00e7o respeitoso, inclusivo e acess\u00edvel. Medidas de apoio \u00e0 acessibilidade Pogust Goodhead toma as seguintes medidas para assegurar a acessibilidade do nosso s\u00edtio web: Incluir a acessibilidade como parte da nossa declara\u00e7\u00e3o de miss\u00e3o Integrar a acessibilidade nas nossas pr\u00e1ticas Nomear uma equipa de acessibilidade Fornecer forma\u00e7\u00e3o cont\u00ednua [&hellip;]","og_url":"https:\/\/wdev.pogustgoodhead.com\/pt-br\/declaracao-de-acessibilidade\/","og_site_name":"POGUST GOODHEAD","article_modified_time":"2023-04-13T10:32:41+00:00","og_image":[{"width":739,"height":625,"url":"https:\/\/wdev.pogustgoodhead.com\/wp-content\/uploads\/2023\/03\/accessibility.png","type":"image\/png"}],"twitter_card":"summary_large_image","twitter_misc":{"Est. tempo de leitura":"3 minutos"},"schema":{"@context":"https:\/\/schema.org","@graph":[{"@type":"WebPage","@id":"https:\/\/wdev.pogustgoodhead.com\/pt-br\/declaracao-de-acessibilidade\/","url":"https:\/\/wdev.pogustgoodhead.com\/pt-br\/declaracao-de-acessibilidade\/","name":"Declara\u00e7\u00e3o de Acessibilidade - POGUST GOODHEAD","isPartOf":{"@id":"https:\/\/wdev.pogustgoodhead.com\/pt-br\/#website"},"datePublished":"2023-02-02T10:35:57+00:00","dateModified":"2023-04-13T10:32:41+00:00","breadcrumb":{"@id":"https:\/\/wdev.pogustgoodhead.com\/pt-br\/declaracao-de-acessibilidade\/#breadcrumb"},"inLanguage":"pt-BR","potentialAction":[{"@type":"ReadAction","target":["https:\/\/wdev.pogustgoodhead.com\/pt-br\/declaracao-de-acessibilidade\/"]}]},{"@type":"BreadcrumbList","@id":"https:\/\/wdev.pogustgoodhead.com\/pt-br\/declaracao-de-acessibilidade\/#breadcrumb","itemListElement":[{"@type":"ListItem","position":1,"name":"Home","item":"https:\/\/wdev.pogustgoodhead.com\/pt-br\/"},{"@type":"ListItem","position":2,"name":"Declara\u00e7\u00e3o de Acessibilidade"}]},{"@type":"WebSite","@id":"https:\/\/wdev.pogustgoodhead.com\/pt-br\/#website","url":"https:\/\/wdev.pogustgoodhead.com\/pt-br\/","name":"POGUST GOODHEAD","description":"Making History, Together","publisher":{"@id":"https:\/\/wdev.pogustgoodhead.com\/pt-br\/#organization"},"potentialAction":[{"@type":"SearchAction","target":{"@type":"EntryPoint","urlTemplate":"https:\/\/wdev.pogustgoodhead.com\/pt-br\/?s={search_term_string}"},"query-input":"required name=search_term_string"}],"inLanguage":"pt-BR"},{"@type":"Organization","@id":"https:\/\/wdev.pogustgoodhead.com\/pt-br\/#organization","name":"POGUST GOODHEAD","url":"https:\/\/wdev.pogustgoodhead.com\/pt-br\/","logo":{"@type":"ImageObject","inLanguage":"pt-BR","@id":"https:\/\/wdev.pogustgoodhead.com\/pt-br\/#\/schema\/logo\/image\/","url":"https:\/\/wdev.pogustgoodhead.com\/wp-content\/uploads\/2023\/01\/cropped-pogustgoodheadlogobw.png","contentUrl":"https:\/\/wdev.pogustgoodhead.com\/wp-content\/uploads\/2023\/01\/cropped-pogustgoodheadlogobw.png","width":326,"height":150,"caption":"POGUST GOODHEAD"},"image":{"@id":"https:\/\/wdev.pogustgoodhead.com\/pt-br\/#\/schema\/logo\/image\/"}}]}},"_links":{"self":[{"href":"https:\/\/wdev.pogustgoodhead.com\/pt-br\/wp-json\/wp\/v2\/pages\/29583","targetHints":{"allow":["GET"]}}],"collection":[{"href":"https:\/\/wdev.pogustgoodhead.com\/pt-br\/wp-json\/wp\/v2\/pages"}],"about":[{"href":"https:\/\/wdev.pogustgoodhead.com\/pt-br\/wp-json\/wp\/v2\/types\/page"}],"author":[{"embeddable":true,"href":"https:\/\/wdev.pogustgoodhead.com\/pt-br\/wp-json\/wp\/v2\/users\/6"}],"replies":[{"embeddable":true,"href":"https:\/\/wdev.pogustgoodhead.com\/pt-br\/wp-json\/wp\/v2\/comments?post=29583"}],"version-history":[{"count":0,"href":"https:\/\/wdev.pogustgoodhead.com\/pt-br\/wp-json\/wp\/v2\/pages\/29583\/revisions"}],"wp:featuredmedia":[{"embeddable":true,"href":"https:\/\/wdev.pogustgoodhead.com\/pt-br\/wp-json\/wp\/v2\/media\/30214"}],"wp:attachment":[{"href":"https:\/\/wdev.pogustgoodhead.com\/pt-br\/wp-json\/wp\/v2\/media?parent=29583"}],"wp:term":[{"taxonomy":"page_categories","embeddable":true,"href":"https:\/\/wdev.pogustgoodhead.com\/pt-br\/wp-json\/wp\/v2\/page_categories?post=29583"}],"curies":[{"name":"wp","href":"https:\/\/api.w.org\/{rel}","templated":true}]}}